{"id":55,"date":"2014-10-28T09:53:16","date_gmt":"2014-10-28T07:53:16","guid":{"rendered":"http:\/\/www.hautwerk.com\/?page_id=55"},"modified":"2018-12-19T14:40:31","modified_gmt":"2018-12-19T12:40:31","slug":"team","status":"publish","type":"page","link":"https:\/\/www.hautwerk.com\/?page_id=55","title":{"rendered":"Team"},"content":{"rendered":"<p>Mittlerweile sind wir wie eine kleine Familie geworden. Jeder ist f\u00fcr den anderen da. Die Harmonie ist uns pers\u00f6nlich sehr wichtig. Wir legen auch gro\u00dfen Wert auf ein angenehmes Betriebsklima. Denn alle sollen mit Freude bei der Arbeit sein.<\/p>\n<p>Unser HAUTWERK-Team besteht aus drei Tattoo Artists, einem Piercer, einer Shop Managerin und einer flei\u00dfigen Biene die das Studio sauber und in Schuss h\u00e4lt.<\/p>\n<div align=\"center\">\n<table align=\"center\">\n<tbody>\n<tr>\n<td>\n<div style=\"float: left; padding: 20px 20px 0px 20px;\" align=\"center\"><a href=\"http:\/\/www.hautwerk.com\/?page_id=353\"><img loading=\"lazy\" class=\"alignnone size-medium wp-image-196\" src=\"http:\/\/www.hautwerk.com\/wp-content\/uploads\/2014\/10\/pierre1-198x300.jpg\" alt=\"pierre1\" width=\"198\" height=\"300\" srcset=\"https:\/\/www.hautwerk.com\/wp-content\/uploads\/2014\/10\/pierre1-198x300.jpg 198w, https:\/\/www.hautwerk.com\/wp-content\/uploads\/2014\/10\/pierre1.jpg 530w\" sizes=\"(max-width: 198px) 100vw, 198px\" \/><\/a><br \/>\nPierre &#8211; Piercer (Inhaber)\n<\/div>\n<div style=\"float: left; padding: 20px 20px 0px 20px;\" align=\"center\"><a href=\"http:\/\/www.hautwerk.com\/?page_id=895\"><img loading=\"lazy\" class=\"alignnone size-medium wp-image-898\" src=\"http:\/\/www.hautwerk.com\/wp-content\/uploads\/2016\/05\/mani1-198x300.jpg\" alt=\"mani1\" width=\"198\" height=\"300\" srcset=\"https:\/\/www.hautwerk.com\/wp-content\/uploads\/2016\/05\/mani1-198x300.jpg 198w, https:\/\/www.hautwerk.com\/wp-content\/uploads\/2016\/05\/mani1.jpg 530w\" sizes=\"(max-width: 198px) 100vw, 198px\" \/><\/a><br \/>\nMani &#8211; Tattoo Artist\n<\/div>\n<div style=\"float: left; padding: 20px 20px 0px 20px;\" align=\"center\"><a href=\"http:\/\/www.hautwerk.com\/?page_id=230\"><img loading=\"lazy\" class=\"alignnone size-medium wp-image-195\" src=\"http:\/\/www.hautwerk.com\/wp-content\/uploads\/2014\/10\/han1-198x300.jpg\" alt=\"han1\" width=\"198\" height=\"300\" srcset=\"https:\/\/www.hautwerk.com\/wp-content\/uploads\/2014\/10\/han1-198x300.jpg 198w, https:\/\/www.hautwerk.com\/wp-content\/uploads\/2014\/10\/han1.jpg 530w\" sizes=\"(max-width: 198px) 100vw, 198px\" \/><\/a><br \/>\nHan &#8211; Tattoo Artist\n<\/div>\n<div style=\"float: left; padding: 20px 20px 0px 20px;\" align=\"center\"><a href=\"http:\/\/www.hautwerk.com\/?page_id=347\"><img loading=\"lazy\" class=\"alignnone size-medium wp-image-197\" src=\"http:\/\/www.hautwerk.com\/wp-content\/uploads\/2014\/10\/plamen1-198x300.jpg\" alt=\"plamen1\" width=\"198\" height=\"300\" srcset=\"https:\/\/www.hautwerk.com\/wp-content\/uploads\/2014\/10\/plamen1-198x300.jpg 198w, https:\/\/www.hautwerk.com\/wp-content\/uploads\/2014\/10\/plamen1.jpg 530w\" sizes=\"(max-width: 198px) 100vw, 198px\" \/><\/a><br \/>\nPlamen &#8211; Gast Artist\n<\/div>\n<div style=\"float: left; padding: 20px 20px 0px 20px;\" align=\"center\"><a href=\"http:\/\/www.hautwerk.com\/?page_id=1105\"><img loading=\"lazy\" class=\"alignnone size-medium wp-image-194\" src=\"http:\/\/www.hautwerk.com\/wp-content\/uploads\/2016\/12\/bianca1-198x300.jpg\" alt=\"bianca1\" width=\"198\" height=\"300\" \/><\/a><br \/>\nBianca &#8211; Kosmetik\n<\/div>\n<div style=\"float: left; padding: 20px 20px 0px 20px;\" align=\"center\"><a href=\"http:\/\/www.hautwerk.com\/?page_id=351\"><img loading=\"lazy\" class=\"alignnone size-medium wp-image-194\" src=\"http:\/\/www.hautwerk.com\/wp-content\/uploads\/2014\/10\/eli1-198x300.jpg\" alt=\"eli1\" width=\"198\" height=\"300\" srcset=\"https:\/\/www.hautwerk.com\/wp-content\/uploads\/2014\/10\/eli1-198x300.jpg 198w, https:\/\/www.hautwerk.com\/wp-content\/uploads\/2014\/10\/eli1.jpg 530w\" sizes=\"(max-width: 198px) 100vw, 198px\" \/><\/a><br \/>\nEli &#8211; Shop Manager\/Sales\n<\/div>\n<div style=\"float: left; padding: 20px 20px 0px 20px;\" align=\"center\">\n<\/div>\n<div style=\"float: left; padding: 20px 20px 0px 20px;\" align=\"center\">\n<\/div>\n<div style=\"float: left; padding: 20px 20px 0px 20px;\" align=\"center\"><\/div>\n<\/td>\n<\/tr>\n<\/tbody>\n<\/table>\n<\/div>\n","protected":false},"excerpt":{"rendered":"<p>Mittlerweile sind wir wie eine kleine Familie geworden. Jeder ist f\u00fcr den anderen da. Die Harmonie ist uns pers\u00f6nlich sehr [&hellip;]<\/p>\n","protected":false},"author":4,"featured_media":0,"parent":0,"menu_order":0,"comment_status":"closed","ping_status":"closed","template":"page-fullwidth.php","meta":[],"_links":{"self":[{"href":"https:\/\/www.hautwerk.com\/index.php?rest_route=\/wp\/v2\/pages\/55"}],"collection":[{"href":"https:\/\/www.hautwerk.com\/index.php?rest_route=\/wp\/v2\/pages"}],"about":[{"href":"https:\/\/www.hautwerk.com\/index.php?rest_route=\/wp\/v2\/types\/page"}],"author":[{"embeddable":true,"href":"https:\/\/www.hautwerk.com\/index.php?rest_route=\/wp\/v2\/users\/4"}],"replies":[{"embeddable":true,"href":"https:\/\/www.hautwerk.com\/index.php?rest_route=%2Fwp%2Fv2%2Fcomments&post=55"}],"version-history":[{"count":61,"href":"https:\/\/www.hautwerk.com\/index.php?rest_route=\/wp\/v2\/pages\/55\/revisions"}],"predecessor-version":[{"id":1190,"href":"https:\/\/www.hautwerk.com\/index.php?rest_route=\/wp\/v2\/pages\/55\/revisions\/1190"}],"wp:attachment":[{"href":"https:\/\/www.hautwerk.com\/index.php?rest_route=%2Fwp%2Fv2%2Fmedia&parent=55"}],"curies":[{"name":"wp","href":"https:\/\/api.w.org\/{rel}","templated":true}]}}