{"id":53,"date":"2014-10-28T09:53:06","date_gmt":"2014-10-28T07:53:06","guid":{"rendered":"http:\/\/www.hautwerk.com\/?page_id=53"},"modified":"2014-11-24T09:15:44","modified_gmt":"2014-11-24T07:15:44","slug":"laser","status":"publish","type":"page","link":"https:\/\/www.hautwerk.com\/?page_id=53","title":{"rendered":"Laser"},"content":{"rendered":"<p>Tattoos sind Lebenseinstellung und Kunst zugleich. Allerdings kann es vorkommen, dass kleine Jugends\u00fcnden, an f\u00fcr den Job ung\u00fcnstigen Stellen positionierte oder laienhaft gestochene Tattoos entfernt werden sollen.<\/p>\n<p>Bei der Entfernung von T\u00e4towierungen stehen vor allem zwei Laser wegen ihrer relativ guten Ergebnisse, ihrer guten Vertr\u00e4glichkeit und ihres hohen Entwicklungsstandes im Vordergrund. Dies ist zum Einen der g\u00fctegeschaltete Nd:YAG-Laser, der frequenzverdoppelte Nd:YAG (KTP) als auch der g\u00fctegeschaltete Rubinlaser. Entscheidend f\u00fcr den Behandlungserfolg ist die Wellenl\u00e4nge (Farbe) des Lasers, die auf die Farbe (Wellenl\u00e4ngenspektrum) der Farbpigmente abgestimmt sein muss. Schwarze und dunkelblaue T\u00e4towierungen lassen sich besonders gut mit dem Rubinlaser und Nd:YAG-Laser entfernen, wohingegen der frequenzverdoppelte Nd:YAG-Laser (KTP) f\u00fcr rote bis gelbliche T\u00e4towierfarben verwendet wird. Der Rubinlaser wirkt effektiver bei gr\u00fcnen Farben.<\/p>\n<p>Bei der Entstehung einer T\u00e4towierung werden im Heilungsprozess (bis etwa zwei Wochen nach dem Stechen) die Farbpigmente durch k\u00f6rpereigene Zellen \u2013 die Makrophagen \u2013 eingekapselt. Der K\u00f6rper kann daher die Farbpigmente nicht mehr abbauen, die T\u00e4towierung bleibt erhalten.<\/p>\n<p>Mit dem Einsatz verschiedener Laser lassen sich diese Makrophagen \u201eaufbrechen\u201c. Dies geschieht durch eine Erhitzung der eingeschlossenen Farbpigmente, die durch die Lichtabsorption so stark erhitzt werden, dass sie zerbersten. Allerdings folgt dem eine erneute Einkapselung, was Wiederholungen der Laserbehandlung (je nach Farbe zwischen zwei und zehn Behandlungen) erforderlich macht.<br \/>\n<em>(Quelle: Wikipedia)<\/em><br \/>\n&nbsp;<br \/>\n&nbsp;<\/p>\n<h1 class=\"entry-title\">Wissenswertes<\/h1>\n<p><b>LASER steht f\u00fcr:<\/b><br \/>\n<b>L<\/b>ight <b>A<\/b>mplification by <b>S<\/b>pecific <b>E<\/b>mission of <b>R<\/b>adition<br \/>\n(dt. Licht-Verst\u00e4rkung durch stimulierte Emission von Strahlung)<br \/>\n&nbsp;<br \/>\n&nbsp;<br \/>\n<b>Was kann entfernt werden<\/b><\/p>\n<ul>\n<li>Profit\u00e4towierung<\/li>\n<li>Laient\u00e4towierung<\/li>\n<li>Schmutzt\u00e4towierung<\/li>\n<li>Permanent Make-Up<\/li>\n<\/ul>\n<p>&nbsp;<br \/>\n<b>Notwendige Sitzungen<\/b><br \/>\nGrunds\u00e4tzlich sind f\u00fcr die Entfernung von Tattoos mehrere Sitzungen in Abst\u00e4nden von 4 \u2013 8 Wochen notwendig<\/p>\n<ul>\n<li>Laien-Tattoo: 3 \u2013 10 Sitzungen<\/li>\n<li>Profi-Tattoo: 15 \u2013 20 Sitzungen<\/li>\n<\/ul>\n<p>&nbsp;<br \/>\n<b>Komplikationen und Nebenwirkungen<\/b><br \/>\nNachdem das Entfernen von Tattoos auch ein Eingriff ist, k\u00f6nnen Komplikationen und Nebenwirkungen auftreten.<\/p>\n<ul>\n<li>Schmerzen<\/li>\n<li>Erytheme<\/li>\n<li>\u00d6deme<\/li>\n<li>Krusten<\/li>\n<li>Blasen<\/li>\n<li>Hypopigmentierungen<\/li>\n<li>Hyperpigmentierungen<\/li>\n<li>Farbumschlag<\/li>\n<li>Atrophe Narben<\/li>\n<li>Allergische Reaktion<\/li>\n<\/ul>\n","protected":false},"excerpt":{"rendered":"<p>Tattoos sind Lebenseinstellung und Kunst zugleich. Allerdings kann es vorkommen, dass kleine Jugends\u00fcnden, an f\u00fcr den Job ung\u00fcnstigen Stellen positionierte [&hellip;]<\/p>\n","protected":false},"author":4,"featured_media":0,"parent":0,"menu_order":0,"comment_status":"closed","ping_status":"closed","template":"page-fullwidth.php","meta":{"footnotes":""},"class_list":["post-53","page","type-page","status-publish","hentry","no-featured-image"],"_links":{"self":[{"href":"https:\/\/www.hautwerk.com\/index.php?rest_route=\/wp\/v2\/pages\/53","targetHints":{"allow":["GET"]}}],"collection":[{"href":"https:\/\/www.hautwerk.com\/index.php?rest_route=\/wp\/v2\/pages"}],"about":[{"href":"https:\/\/www.hautwerk.com\/index.php?rest_route=\/wp\/v2\/types\/page"}],"author":[{"embeddable":true,"href":"https:\/\/www.hautwerk.com\/index.php?rest_route=\/wp\/v2\/users\/4"}],"replies":[{"embeddable":true,"href":"https:\/\/www.hautwerk.com\/index.php?rest_route=%2Fwp%2Fv2%2Fcomments&post=53"}],"version-history":[{"count":12,"href":"https:\/\/www.hautwerk.com\/index.php?rest_route=\/wp\/v2\/pages\/53\/revisions"}],"predecessor-version":[{"id":674,"href":"https:\/\/www.hautwerk.com\/index.php?rest_route=\/wp\/v2\/pages\/53\/revisions\/674"}],"wp:attachment":[{"href":"https:\/\/www.hautwerk.com\/index.php?rest_route=%2Fwp%2Fv2%2Fmedia&parent=53"}],"curies":[{"name":"wp","href":"https:\/\/api.w.org\/{rel}","templated":true}]}}